{"id":10880,"date":"2020-06-29T12:56:47","date_gmt":"2020-06-29T12:56:47","guid":{"rendered":"https:\/\/aleksandarmn.com\/?page_id=10880"},"modified":"2022-03-14T12:53:02","modified_gmt":"2022-03-14T12:53:02","slug":"drustvena-odgovornost","status":"publish","type":"page","link":"https:\/\/aleksandarmn.com\/blog\/drustvena-odgovornost\/","title":{"rendered":"Dru\u0161tvena odgovornost"},"content":{"rendered":"\r\n<p>Dru\u0161tvena odgovornost kompanije\r\nAleksandar MN je pre svega zasnovana na dugoj lokalnoj tradiciji I\r\nvisokoj svesti I posvecenosti menad\u017ementa kompanije I svih\r\nzaposlenih.<\/p>\r\n\r\n\r\n\r\n<p>Aleksandar MN je dru\u0161tveno\r\nodgovorna kompanija koja s saponosom podr\u017eava raznovrsne dru\u0161tvene\r\ninicijative sa ciljem pobolj\u0161anja i unapredjenja zdravlja I\r\nkvaliteta \u017eivota I o\u010duvanja \u017eivotne sredine kroz realizaciju\r\nvlastitih projekata I podr\u0161ku inicijativa za unapredjenje zdravih\r\n\u017eivotnih stilova,razvoja sporta kao I mnogobrojnih donacija\r\nnajugro\u017eenijima.<\/p>\r\n\r\n\r\n\r\n<p>Ozbiljno shvataju\u0107i dru\u0161tvenu\r\nodgovornost,na\u0161a misija je da postavimo nove standarde u\r\nhumanitarnom radu i podignemo svest okolnih kompanija,osim o zna\u010daju\r\nprevencije i socijalnoj odgovornosti.<\/p>\r\n\r\n\r\n\r\n<p>Svake godine tradicionalno za Bo\u017eic\r\ni novogodi\u0161nje praznike pripremamo paketice za decu iz mnogih\r\ninstitucija,evo samo nekih:<\/p>\r\n\r\n\r\n\r\n<p>-Univerztetska decija klinika\r\nTir\u0161ova \r\n<\/p>\r\n\r\n\r\n\r\n<p>-Dr.Miroslav Zotovi\u0107-de\u010dije\r\nodeljenje \r\n<\/p>\r\n\r\n\r\n\r\n<p>-Institut za majku i dete<\/p>\r\n\r\n\r\n\r\n<p>-Zvecanska<\/p>\r\n\r\n\r\n\r\n<p>-Specijalna bolnica za cerebralnu\r\nparalizu i razvojnu neonatologiji<\/p>\r\n\r\n\r\n\r\n<p>-Dnevni boravak za decu ometenu u\r\nrazvoju,kao I mnogoljudne porodice koje \u017eive na rubu egzistencije\r\npri SPC (Srpskoj Pravoslavnoj Crkvi).<\/p>\r\n\r\n\r\n\r\n<p>S ponosom mozemo reci i da smo\r\nKtitori Srpske Pravoslavne Crkve vrlo aktivno vec dugi niz\r\ngodina,u\u010destvujemo u obnovi manastira I crkvi \u0161irom Srbije gde smo\r\ndobili dve gramate od Patijarha Irineja li\u010dno.<\/p>\r\n\r\n\r\n\r\n<p>Pomagali smo Savez atletskih\r\nveterana,kao I veliki broj sportskih klubova manjih I nerazvijenih\r\n\u0161irom Srbije u donaciji robe kao I kupovini sportske opreme,kako u\r\nfudbalu tako I karate-u, ko\u0161arci,odbojci,veslanju,atletici.<\/p>\r\n\r\n\r\n\r\n<p>Izdvajamo I deo poplava 2014-te kao\r\ndeo vecih katastrofa gde smo aktivno ucestvovali I donirali Crvenom\r\nkrstu veci deo donacija sredstava za licnu higijenu,pomagali apoteke\r\nkao I zdravstvene ustanove u poplavljenim I ugrozenim delovima\r\nSrbije.<\/p>\r\n\r\n\r\n\r\n<p>Puno puta smo pomagali veliki broj\r\nRH (rehabilitacionih centara)pogotovo ona u najnerazvijenijim\r\npodru\u010djima,kao i Osnovne skole,razne asocijacije,razna udruzenja I\r\nrazne humanitarne akcije koje su proteklih decenija organizovane.<\/p>\r\n\r\n\r\n\r\n<p>U momentu kada nas je zadesio Kovid\r\n19 kroz sve kovid centre u Srbiji smo aktivno pomagali svima kojima\r\nje pomoc bila najpotrebnija,kao I apotekama po celoj Srbiji.<\/p>\r\n","protected":false},"excerpt":{"rendered":"<p>Dru\u0161tvena odgovornost kompanije Aleksandar MN je pre svega zasnovana na  [&#8230;]<\/p>\n","protected":false},"author":5,"featured_media":0,"parent":0,"menu_order":0,"comment_status":"closed","ping_status":"closed","template":"","meta":{"footnotes":""},"class_list":["post-10880","page","type-page","status-publish","hentry"],"_links":{"self":[{"href":"https:\/\/aleksandarmn.com\/blog\/wp-json\/wp\/v2\/pages\/10880","targetHints":{"allow":["GET"]}}],"collection":[{"href":"https:\/\/aleksandarmn.com\/blog\/wp-json\/wp\/v2\/pages"}],"about":[{"href":"https:\/\/aleksandarmn.com\/blog\/wp-json\/wp\/v2\/types\/page"}],"author":[{"embeddable":true,"href":"https:\/\/aleksandarmn.com\/blog\/wp-json\/wp\/v2\/users\/5"}],"replies":[{"embeddable":true,"href":"https:\/\/aleksandarmn.com\/blog\/wp-json\/wp\/v2\/comments?post=10880"}],"version-history":[{"count":0,"href":"https:\/\/aleksandarmn.com\/blog\/wp-json\/wp\/v2\/pages\/10880\/revisions"}],"wp:attachment":[{"href":"https:\/\/aleksandarmn.com\/blog\/wp-json\/wp\/v2\/media?parent=10880"}],"curies":[{"name":"wp","href":"https:\/\/api.w.org\/{rel}","templated":true}]}}